{"id":9,"date":"2020-02-03T10:48:54","date_gmt":"2020-02-03T09:48:54","guid":{"rendered":"http:\/\/l12.pk.edu.pl\/?page_id=9"},"modified":"2021-03-17T13:29:12","modified_gmt":"2021-03-17T12:29:12","slug":"strona-glowna","status":"publish","type":"page","link":"https:\/\/l12.pk.edu.pl\/","title":{"rendered":"Laboratorium Badawcze Materia\u0142\u00f3w i Konstrukcji Budowlanych"},"content":{"rendered":"\n<div class=\"wp-block-group\"><div class=\"wp-block-group__inner-container is-layout-flow wp-block-group-is-layout-flow\">\n<div class=\"wp-block-group\"><div class=\"wp-block-group__inner-container is-layout-flow wp-block-group-is-layout-flow\">\n<div class=\"wp-block-columns is-layout-flex wp-container-core-columns-is-layout-9d6595d7 wp-block-columns-is-layout-flex\">\n<div class=\"wp-block-column is-layout-flow wp-block-column-is-layout-flow\" style=\"flex-basis:66.66%\"><\/div>\n\n\n\n<div class=\"wp-block-column is-vertically-aligned-top is-layout-flow wp-block-column-is-layout-flow\" style=\"flex-basis:33.33%\"><\/div>\n<\/div>\n<\/div><\/div>\n<\/div><\/div>\n\n\n\n<div class=\"wp-block-media-text alignwide is-stacked-on-mobile is-vertically-aligned-center\" style=\"grid-template-columns:31% auto\"><figure class=\"wp-block-media-text__media\"><img loading=\"lazy\" decoding=\"async\" width=\"250\" height=\"250\" src=\"https:\/\/l12.pk.edu.pl\/wp-content\/uploads\/2021\/03\/LB_SYGNET_RGB-1.png\" alt=\"\" class=\"wp-image-121 size-full\"\/><\/figure><div class=\"wp-block-media-text__content\">\n<p class=\"has-normal-font-size\"> <\/p>\n<\/div><\/div>\n\n\n\n<div class=\"wp-block-group\"><div class=\"wp-block-group__inner-container is-layout-flow wp-block-group-is-layout-flow\">\n<p><strong>Laboratorium Badawcze Materia\u0142\u00f3w i Konstrukcji Budowlanych<\/strong> jest jednostk\u0105 funkcjonuj\u0105c\u0105 w strukturze <strong>Wydzia\u0142u In\u017cynierii L\u0105dowej Politechniki Krakowskiej<\/strong><br>im. Tadeusza Ko\u015bciuszki z siedzib\u0105 w Krakowie przy ul. Warszawskiej 24.<br>Laboratorium zosta\u0142o utworzone na mocy uchwa\u0142y Rady Wydzia\u0142u In\u017cynierii L\u0105dowej<br>w dniu <strong>18 styczna 2006<\/strong> roku z symbolem L-18 i wchodzi\u0142o w sk\u0142ad Instytutu Materia\u0142\u00f3w i Konstrukcji Budowlanych.<\/p>\n\n\n\n<p>Od dnia <strong>1 pa\u017adziernika 2019<\/strong> roku zgodnie z zarz\u0105dzeniem JM Rektora Politechniki Krakowskiej Laboratorium jest samodzieln\u0105 jednostka organizacyjn\u0105 Wydzia\u0142u In\u017cynierii L\u0105dowej z symbolem <strong>L-12.<\/strong><\/p>\n<\/div><\/div>\n\n\n\n<p>Funkcjonowanie<strong> Laboratorium Badawczego Materia\u0142\u00f3w i Konstrukcji Budowlanych<\/strong> spe\u0142nia wymagania zawarte w <strong>normie PN-EN ISO\/IEC 17025<\/strong> <em>\u201eOg\u00f3lne wymagania dotycz\u0105ce kompetencji laboratori\u00f3w badawczych i wzorcuj\u0105cych\u201d<\/em>. Od dnia <strong>2 marca 2011<\/strong> roku Laboratorium posiada <strong>certyfikat akredytacji nr AB 1251<\/strong> wydany przez Polskie Centrum Akredytacji.<\/p>\n\n\n\n<p>W <strong>Laboratorium Badawczym Materia\u0142\u00f3w i Konstrukcji Budowlanych<\/strong> prowadzone s\u0105 badania zwi\u0105zane z dzia\u0142alno\u015bci\u0105 naukowo-badawcz\u0105, dydaktyczn\u0105 oraz wsp\u00f3\u0142prac\u0105 z otoczeniem spo\u0142eczno-gospodarczym. Badania wykonywane s\u0105 zgodnie z ustalonymi metodami i przy u\u017cyciu nadzorowanego wyposa\u017cenia pomiarowego oraz opieraj\u0105 si\u0119 na systemie zarz\u0105dzania przedstawionym w <strong>Ksi\u0119dze Jako\u015bci Laboratorium<\/strong>. Wdro\u017cenie systemu zarz\u0105dzania jest wyrazem troski o jako\u015b\u0107 wszystkich wykonywanych bada\u0144 oraz ci\u0105g\u0142y rozw\u00f3j i podnoszenie kwalifikacji.<\/p>\n","protected":false},"excerpt":{"rendered":"<p>Laboratorium Badawcze Materia\u0142\u00f3w i Konstrukcji Budowlanych jest jednostk\u0105 funkcjonuj\u0105c\u0105 w strukturze Wydzia\u0142u In\u017cynierii L\u0105dowej Politechniki Krakowskiejim. Tadeusza Ko\u015bciuszki z siedzib\u0105 w Krakowie przy ul. Warszawskiej 24.Laboratorium zosta\u0142o utworzone na mocy uchwa\u0142y Rady Wydzia\u0142u In\u017cynierii L\u0105dowejw dniu 18 styczna 2006 roku z symbolem L-18 i wchodzi\u0142o w sk\u0142ad Instytutu Materia\u0142\u00f3w i Konstrukcji Budowlanych. Od dnia 1 &hellip; <\/p>\n<p class=\"link-more\"><a href=\"https:\/\/l12.pk.edu.pl\/\" class=\"more-link\">Czytaj dalej<span class=\"screen-reader-text\"> \u201eLaboratorium Badawcze Materia\u0142\u00f3w i Konstrukcji Budowlanych\u201d<\/span><\/a><\/p>\n","protected":false},"author":1,"featured_media":0,"parent":0,"menu_order":0,"comment_status":"closed","ping_status":"closed","template":"","meta":{"footnotes":""},"class_list":["post-9","page","type-page","status-publish","hentry"],"_links":{"self":[{"href":"https:\/\/l12.pk.edu.pl\/index.php?rest_route=\/wp\/v2\/pages\/9","targetHints":{"allow":["GET"]}}],"collection":[{"href":"https:\/\/l12.pk.edu.pl\/index.php?rest_route=\/wp\/v2\/pages"}],"about":[{"href":"https:\/\/l12.pk.edu.pl\/index.php?rest_route=\/wp\/v2\/types\/page"}],"author":[{"embeddable":true,"href":"https:\/\/l12.pk.edu.pl\/index.php?rest_route=\/wp\/v2\/users\/1"}],"replies":[{"embeddable":true,"href":"https:\/\/l12.pk.edu.pl\/index.php?rest_route=%2Fwp%2Fv2%2Fcomments&post=9"}],"version-history":[{"count":22,"href":"https:\/\/l12.pk.edu.pl\/index.php?rest_route=\/wp\/v2\/pages\/9\/revisions"}],"predecessor-version":[{"id":361,"href":"https:\/\/l12.pk.edu.pl\/index.php?rest_route=\/wp\/v2\/pages\/9\/revisions\/361"}],"wp:attachment":[{"href":"https:\/\/l12.pk.edu.pl\/index.php?rest_route=%2Fwp%2Fv2%2Fmedia&parent=9"}],"curies":[{"name":"wp","href":"https:\/\/api.w.org\/{rel}","templated":true}]}}