{"id":63,"date":"2020-02-03T13:56:48","date_gmt":"2020-02-03T12:56:48","guid":{"rendered":"http:\/\/l12.pk.edu.pl\/?page_id=63"},"modified":"2026-01-09T09:06:31","modified_gmt":"2026-01-09T08:06:31","slug":"podstrona","status":"publish","type":"page","link":"https:\/\/l12.pk.edu.pl\/?page_id=63","title":{"rendered":"Spis pracownik\u00f3w"},"content":{"rendered":"\n<figure class=\"wp-block-table is-style-regular\"><table><tbody><tr><td class=\"has-text-align-left\" data-align=\"left\"><strong>Kierownik Laboratorium<\/strong><\/td><td class=\"has-text-align-left\" data-align=\"left\"><\/td><td class=\"has-text-align-center\" data-align=\"center\"><\/td><\/tr><tr><td class=\"has-text-align-left\" data-align=\"left\">dr in\u017c. Krystian Brasse<\/td><td class=\"has-text-align-left\" data-align=\"left\"><a href=\"mailto:krystian.brasse@pk.edu.pl\">krystian.brasse@pk.edu.pl<\/a><\/td><td class=\"has-text-align-center\" data-align=\"center\">tel. +48 12 628-23-79<\/td><\/tr><tr><td class=\"has-text-align-left\" data-align=\"left\"><br><strong>Specjalista ds. Technicznych<\/strong><\/td><td class=\"has-text-align-left\" data-align=\"left\"><\/td><td class=\"has-text-align-center\" data-align=\"center\"><\/td><\/tr><tr><td class=\"has-text-align-left\" data-align=\"left\">mgr in\u017c. Tomasz Lisowicz<\/td><td class=\"has-text-align-left\" data-align=\"left\"><a href=\"mailto:tomasz.lisowicz@pk.edu.pl\">tomasz.lisowicz@pk.edu.pl<\/a><\/td><td class=\"has-text-align-center\" data-align=\"center\">tel. +48 12 628-23-89<\/td><\/tr><tr><td class=\"has-text-align-left\" data-align=\"left\"><br><strong>Specjalista ds. Jako\u015bci<\/strong><\/td><td class=\"has-text-align-left\" data-align=\"left\"><\/td><td class=\"has-text-align-center\" data-align=\"center\"><\/td><\/tr><tr><td class=\"has-text-align-left\" data-align=\"left\">mgr Magdalena Dudzik<\/td><td class=\"has-text-align-left\" data-align=\"left\"><a href=\"mailto:magdalena.dudzik@pk.edu.pl\">magdalena.dudzik@pk.edu.p<\/a><\/td><td class=\"has-text-align-center\" data-align=\"center\">tel. +48 12 628-23-79<\/td><\/tr><tr><td class=\"has-text-align-left\" data-align=\"left\"><br><strong>Pracownicy techniczni<\/strong><\/td><td class=\"has-text-align-left\" data-align=\"left\"><\/td><td class=\"has-text-align-center\" data-align=\"center\"><\/td><\/tr><tr><td class=\"has-text-align-left\" data-align=\"left\">dr in\u017c. Stanis\u0142aw Ka\u0144ka<\/td><td class=\"has-text-align-left\" data-align=\"left\"><a href=\"mailto:stanislaw.kanka@pk.edu.pl\">stanislaw.kanka@pk.edu.pl<\/a><\/td><td class=\"has-text-align-center\" data-align=\"center\">tel. +48 12 628-23-89<\/td><\/tr><tr><td class=\"has-text-align-left\" data-align=\"left\">dr in\u017c. Marcin Adamczyk<\/td><td class=\"has-text-align-left\" data-align=\"left\"><a href=\"mailto:piotr.przecherski@pk.edu.pl\">marcin.adamczyk@pk.edu.pl<\/a><\/td><td class=\"has-text-align-center\" data-align=\"center\">tel. +48 12 628-23-89<\/td><\/tr><tr><td class=\"has-text-align-left\" data-align=\"left\">Bogdan Ludwikowski<\/td><td class=\"has-text-align-left\" data-align=\"left\"><a href=\"mailto:bogdan.ludwikowski@pk.edu.pl\">bogdan.ludwikowski@pk.edu.pl<\/a><\/td><td class=\"has-text-align-center\" data-align=\"center\">tel. +48 12 628-23-89<\/td><\/tr><tr><td class=\"has-text-align-left\" data-align=\"left\">Artur Marzec<\/td><td class=\"has-text-align-left\" data-align=\"left\"><a href=\"mailto:artur.marzec@pk.edu.pl\">artur.marzec@pk.edu.pl<\/a><\/td><td class=\"has-text-align-center\" data-align=\"center\">tel. +48 12 628-23-86<\/td><\/tr><tr><td class=\"has-text-align-left\" data-align=\"left\">Zbigniew Szlachetka<\/td><td class=\"has-text-align-left\" data-align=\"left\"><a href=\"mailto:zbigniew.szlachetka@pk.edu.pl\">zbigniew.szlachetka@pk.edu.pl<\/a><\/td><td class=\"has-text-align-center\" data-align=\"center\">tel. +48 12 628-23-86<\/td><\/tr><tr><td class=\"has-text-align-left\" data-align=\"left\">Mi\u0142osz Patryka<\/td><td class=\"has-text-align-left\" data-align=\"left\"><a href=\"mailto:milosz.patryka@pk.edu.pl\" target=\"_blank\" rel=\"noreferrer noopener\">milosz.patryka@pk.edu.pl<\/a><\/td><td class=\"has-text-align-center\" data-align=\"center\">tel. +48 12 628-23-86<\/td><\/tr><\/tbody><\/table><\/figure>\n","protected":false},"excerpt":{"rendered":"<p>Kierownik Laboratorium dr in\u017c. Krystian Brasse krystian.brasse@pk.edu.pl tel. +48 12 628-23-79 Specjalista ds. Technicznych mgr in\u017c. Tomasz Lisowicz tomasz.lisowicz@pk.edu.pl tel. +48 12 628-23-89 Specjalista ds. Jako\u015bci mgr Magdalena Dudzik magdalena.dudzik@pk.edu.p tel. +48 12 628-23-79 Pracownicy techniczni dr in\u017c. Stanis\u0142aw Ka\u0144ka stanislaw.kanka@pk.edu.pl tel. +48 12 628-23-89 dr in\u017c. Marcin Adamczyk marcin.adamczyk@pk.edu.pl tel. +48 12 628-23-89 Bogdan &hellip; <\/p>\n<p class=\"link-more\"><a href=\"https:\/\/l12.pk.edu.pl\/?page_id=63\" class=\"more-link\">Czytaj dalej<span class=\"screen-reader-text\"> \u201eSpis pracownik\u00f3w\u201d<\/span><\/a><\/p>\n","protected":false},"author":1,"featured_media":0,"parent":0,"menu_order":0,"comment_status":"closed","ping_status":"closed","template":"","meta":{"footnotes":""},"class_list":["post-63","page","type-page","status-publish","hentry"],"_links":{"self":[{"href":"https:\/\/l12.pk.edu.pl\/index.php?rest_route=\/wp\/v2\/pages\/63","targetHints":{"allow":["GET"]}}],"collection":[{"href":"https:\/\/l12.pk.edu.pl\/index.php?rest_route=\/wp\/v2\/pages"}],"about":[{"href":"https:\/\/l12.pk.edu.pl\/index.php?rest_route=\/wp\/v2\/types\/page"}],"author":[{"embeddable":true,"href":"https:\/\/l12.pk.edu.pl\/index.php?rest_route=\/wp\/v2\/users\/1"}],"replies":[{"embeddable":true,"href":"https:\/\/l12.pk.edu.pl\/index.php?rest_route=%2Fwp%2Fv2%2Fcomments&post=63"}],"version-history":[{"count":28,"href":"https:\/\/l12.pk.edu.pl\/index.php?rest_route=\/wp\/v2\/pages\/63\/revisions"}],"predecessor-version":[{"id":406,"href":"https:\/\/l12.pk.edu.pl\/index.php?rest_route=\/wp\/v2\/pages\/63\/revisions\/406"}],"wp:attachment":[{"href":"https:\/\/l12.pk.edu.pl\/index.php?rest_route=%2Fwp%2Fv2%2Fmedia&parent=63"}],"curies":[{"name":"wp","href":"https:\/\/api.w.org\/{rel}","templated":true}]}}