{"id":41,"date":"2020-02-03T12:43:00","date_gmt":"2020-02-03T11:43:00","guid":{"rendered":"http:\/\/l12.pk.edu.pl\/?page_id=41"},"modified":"2021-03-17T13:11:56","modified_gmt":"2021-03-17T12:11:56","slug":"wyposazenie","status":"publish","type":"page","link":"https:\/\/l12.pk.edu.pl\/?page_id=41","title":{"rendered":"Wyposa\u017cenie"},"content":{"rendered":"\n<p class=\"has-text-align-left\"><strong>Laboratorium dysponuje hal\u0105 o powierzchni u\u017cytkowej blisko 500 m<sup>2<\/sup> wyposa\u017con\u0105 mi\u0119dzy innymi w stend badawczy posadowiony na p\u0142ycie \u017celbetowej mog\u0105cej przenosi\u0107 du\u017ce obci\u0105\u017cenia, suwnic\u0119 o ud\u017awigu 5 ton oraz bogate zaplecze techniczne.<\/strong><\/p>\n\n\n\n<p class=\"has-text-align-left\"><strong>Podstawowe wyposa\u017cenie Laboratorium stanowi\u0105 nast\u0119puj\u0105ce maszyny i urz\u0105dzenia:<\/strong><\/p>\n\n\n\n<p class=\"has-text-align-left\"><a href=\"https:\/\/l12.pk.edu.pl\/?page_id=177\">Statyczno-dynamiczny system badawczy z nap\u0119dem hydraulicznym o nomina\u0142ach 100 kN, 400 kN, 1000 kN Schenck-Instron<\/a><\/p>\n\n\n\n<p class=\"has-text-align-left\"><a href=\"https:\/\/l12.pk.edu.pl\/?page_id=193\">Modu\u0142owy system pomiarowy&nbsp; na bazie wzmacniaczy Quantum HBM<\/a><\/p>\n\n\n\n<p class=\"has-text-align-left\"><a href=\"https:\/\/l12.pk.edu.pl\/?page_id=198\">Uniwersalna maszyna wytrzyma\u0142o\u015bciowa z nap\u0119dem elektromechanicznym&nbsp; o nominale 1200kN Zwick\/Roell Z1200<\/a><\/p>\n\n\n\n<p class=\"has-text-align-left\"><a href=\"https:\/\/l12.pk.edu.pl\/?page_id=203\">Maszyna wytrzyma\u0142o\u015bciowa z nap\u0119dem hydraulicznym o nominale&nbsp; 6000 kN Zwick\/Roell Z6000<\/a><\/p>\n\n\n\n<p class=\"has-text-align-left\"><a href=\"https:\/\/l12.pk.edu.pl\/?page_id=206\">Uniwersalna maszyna wytrzyma\u0142o\u015bciowa z nap\u0119dem elektromechanicznym&nbsp; o nominale 100 kN Zwick\/Roell Z100<\/a><\/p>\n\n\n\n<p class=\"has-text-align-left\"><a href=\"https:\/\/l12.pk.edu.pl\/?page_id=216\">Mikroskop skaningowy SEM EVO 10 MA Zeiss\u00a0wraz z mikroanalizatorem EDS XFlash 6\/30 Brukerr<\/a><\/p>\n","protected":false},"excerpt":{"rendered":"<p>Laboratorium dysponuje hal\u0105 o powierzchni u\u017cytkowej blisko 500 m2 wyposa\u017con\u0105 mi\u0119dzy innymi w stend badawczy posadowiony na p\u0142ycie \u017celbetowej mog\u0105cej przenosi\u0107 du\u017ce obci\u0105\u017cenia, suwnic\u0119 o ud\u017awigu 5 ton oraz bogate zaplecze techniczne. Podstawowe wyposa\u017cenie Laboratorium stanowi\u0105 nast\u0119puj\u0105ce maszyny i urz\u0105dzenia: Statyczno-dynamiczny system badawczy z nap\u0119dem hydraulicznym o nomina\u0142ach 100 kN, 400 kN, 1000 kN Schenck-Instron &hellip; <\/p>\n<p class=\"link-more\"><a href=\"https:\/\/l12.pk.edu.pl\/?page_id=41\" class=\"more-link\">Czytaj dalej<span class=\"screen-reader-text\"> \u201eWyposa\u017cenie\u201d<\/span><\/a><\/p>\n","protected":false},"author":1,"featured_media":0,"parent":0,"menu_order":0,"comment_status":"closed","ping_status":"closed","template":"","meta":{"footnotes":""},"class_list":["post-41","page","type-page","status-publish","hentry"],"_links":{"self":[{"href":"https:\/\/l12.pk.edu.pl\/index.php?rest_route=\/wp\/v2\/pages\/41","targetHints":{"allow":["GET"]}}],"collection":[{"href":"https:\/\/l12.pk.edu.pl\/index.php?rest_route=\/wp\/v2\/pages"}],"about":[{"href":"https:\/\/l12.pk.edu.pl\/index.php?rest_route=\/wp\/v2\/types\/page"}],"author":[{"embeddable":true,"href":"https:\/\/l12.pk.edu.pl\/index.php?rest_route=\/wp\/v2\/users\/1"}],"replies":[{"embeddable":true,"href":"https:\/\/l12.pk.edu.pl\/index.php?rest_route=%2Fwp%2Fv2%2Fcomments&post=41"}],"version-history":[{"count":19,"href":"https:\/\/l12.pk.edu.pl\/index.php?rest_route=\/wp\/v2\/pages\/41\/revisions"}],"predecessor-version":[{"id":341,"href":"https:\/\/l12.pk.edu.pl\/index.php?rest_route=\/wp\/v2\/pages\/41\/revisions\/341"}],"wp:attachment":[{"href":"https:\/\/l12.pk.edu.pl\/index.php?rest_route=%2Fwp%2Fv2%2Fmedia&parent=41"}],"curies":[{"name":"wp","href":"https:\/\/api.w.org\/{rel}","templated":true}]}}