{"id":39,"date":"2020-02-03T12:43:10","date_gmt":"2020-02-03T11:43:10","guid":{"rendered":"http:\/\/l12.pk.edu.pl\/?page_id=39"},"modified":"2026-02-25T14:22:30","modified_gmt":"2026-02-25T13:22:30","slug":"akredytacja","status":"publish","type":"page","link":"https:\/\/l12.pk.edu.pl\/?page_id=39","title":{"rendered":"Akredytacja"},"content":{"rendered":"\n<p class=\"has-text-align-center\"><strong>Laboratorium Badawcze Materia\u0142\u00f3w i Konstrukcji Budowlanych<\/strong> <\/p>\n\n\n\n<p class=\"has-text-align-center\"><strong>posiada certyfikat akredytacji <\/strong>wydany przez Polskie Centrum Akredytacji numer <strong>AB 1251<\/strong>.<\/p>\n\n\n<div class=\"wp-block-image\">\n<figure class=\"aligncenter size-large\"><img loading=\"lazy\" decoding=\"async\" width=\"619\" height=\"825\" src=\"https:\/\/l12.pk.edu.pl\/wp-content\/uploads\/2021\/03\/certyfikat.png\" alt=\"\" class=\"wp-image-169\"\/><\/figure><\/div>\n\n\n<p class=\"has-text-align-center\">Szczeg\u00f3\u0142owe informacje dost\u0119pne s\u0105 na stronie Polskiego Centrum Akredytacji:<\/p>\n\n\n\n<p class=\"has-text-align-center\"><strong> <a rel=\"noreferrer noopener\" href=\"https:\/\/www.pca.gov.pl\/akredytowane-podmioty\/akredytacje-aktywne\/laboratoria-badawcze\/AB%201251,podmiot.html\" target=\"_blank\">https:\/\/www.pca.gov.pl\/akredytowane-podmioty\/akredytacje-aktywne\/laboratoria-badawcze<\/a><\/strong><\/p>\n\n\n\n<p class=\"has-text-align-center\"><strong><a href=\"https:\/\/l12.pk.edu.pl\/wp-content\/uploads\/2026\/02\/zakres2026.pdf\" target=\"_blank\" rel=\"noreferrer noopener\">Lista akredytowanych bada\u0144 prowadzonych w ramach zakresu elastycznego<\/a><\/strong><\/p>\n","protected":false},"excerpt":{"rendered":"<p>Laboratorium Badawcze Materia\u0142\u00f3w i Konstrukcji Budowlanych posiada certyfikat akredytacji wydany przez Polskie Centrum Akredytacji numer AB 1251. Szczeg\u00f3\u0142owe informacje dost\u0119pne s\u0105 na stronie Polskiego Centrum Akredytacji: https:\/\/www.pca.gov.pl\/akredytowane-podmioty\/akredytacje-aktywne\/laboratoria-badawcze Lista akredytowanych bada\u0144 prowadzonych w ramach zakresu elastycznego<\/p>\n","protected":false},"author":1,"featured_media":0,"parent":0,"menu_order":0,"comment_status":"closed","ping_status":"closed","template":"","meta":{"footnotes":""},"class_list":["post-39","page","type-page","status-publish","hentry"],"_links":{"self":[{"href":"https:\/\/l12.pk.edu.pl\/index.php?rest_route=\/wp\/v2\/pages\/39","targetHints":{"allow":["GET"]}}],"collection":[{"href":"https:\/\/l12.pk.edu.pl\/index.php?rest_route=\/wp\/v2\/pages"}],"about":[{"href":"https:\/\/l12.pk.edu.pl\/index.php?rest_route=\/wp\/v2\/types\/page"}],"author":[{"embeddable":true,"href":"https:\/\/l12.pk.edu.pl\/index.php?rest_route=\/wp\/v2\/users\/1"}],"replies":[{"embeddable":true,"href":"https:\/\/l12.pk.edu.pl\/index.php?rest_route=%2Fwp%2Fv2%2Fcomments&post=39"}],"version-history":[{"count":18,"href":"https:\/\/l12.pk.edu.pl\/index.php?rest_route=\/wp\/v2\/pages\/39\/revisions"}],"predecessor-version":[{"id":408,"href":"https:\/\/l12.pk.edu.pl\/index.php?rest_route=\/wp\/v2\/pages\/39\/revisions\/408"}],"wp:attachment":[{"href":"https:\/\/l12.pk.edu.pl\/index.php?rest_route=%2Fwp%2Fv2%2Fmedia&parent=39"}],"curies":[{"name":"wp","href":"https:\/\/api.w.org\/{rel}","templated":true}]}}