{"id":216,"date":"2021-03-13T22:22:25","date_gmt":"2021-03-13T21:22:25","guid":{"rendered":"https:\/\/l12.pk.edu.pl\/?page_id=216"},"modified":"2021-03-17T13:18:15","modified_gmt":"2021-03-17T12:18:15","slug":"mikroskop-skaningowy","status":"publish","type":"page","link":"https:\/\/l12.pk.edu.pl\/?page_id=216","title":{"rendered":"Mikroskop skaningowy"},"content":{"rendered":"\n<div class=\"wp-block-media-text alignwide is-stacked-on-mobile is-vertically-aligned-top\"><figure class=\"wp-block-media-text__media\"><img loading=\"lazy\" decoding=\"async\" width=\"574\" height=\"451\" src=\"https:\/\/l12.pk.edu.pl\/wp-content\/uploads\/2021\/03\/Obraz9.png\" alt=\"\" class=\"wp-image-149 size-full\"\/><\/figure><div class=\"wp-block-media-text__content\">\n<p><strong>Mikroskop skaningowy SEM EVO 10 MA Zeiss<\/strong> <strong>wraz z mikroanalizatorem EDS XFlash 6\/30 Bruker<\/strong><\/p>\n\n\n\n<p>Detektory: <\/p>\n\n\n\n<ul class=\"wp-block-list\"><li><strong>SE<\/strong>&nbsp; obrazuj\u0105cy topografi\u0119, morfologi\u0119 i struktur\u0119 w trybie wysokiej pr\u00f3\u017cni <\/li><li><strong>BSD<\/strong>&nbsp; obrazuj\u0105cy r\u00f3\u017cnice fazowe oraz kontrast fazowy w trybie wysokiej i zmiennej pr\u00f3\u017cni <\/li><li><strong>VPSE<\/strong>&nbsp; obrazuj\u0105cy topografi\u0119, morfologi\u0119 i struktur\u0119 w trybie zmiennej pr\u00f3\u017cni <\/li><li><strong>EPSE<\/strong>&nbsp;&nbsp;&nbsp; obrazuj\u0105cy topografi\u0119, morfologi\u0119 i struktur\u0119 w trybie&nbsp;&nbsp; niskiej pr\u00f3\u017cni <\/li><li><strong>EDS<\/strong> pozwalaj\u0105cy na&nbsp; identyfikacj\u0119 sk\u0142adu pierwiastkowego&nbsp; materia\u0142\u00f3w<\/li><\/ul>\n<\/div><\/div>\n\n\n\n<div class=\"wp-block-columns is-layout-flex wp-container-core-columns-is-layout-9d6595d7 wp-block-columns-is-layout-flex\">\n<div class=\"wp-block-column is-layout-flow wp-block-column-is-layout-flow\">\n<figure class=\"wp-block-image size-large\"><img loading=\"lazy\" decoding=\"async\" width=\"272\" height=\"264\" src=\"https:\/\/l12.pk.edu.pl\/wp-content\/uploads\/2021\/03\/Obraz4-1.jpg\" alt=\"\" class=\"wp-image-294\"\/><\/figure>\n<\/div>\n\n\n\n<div class=\"wp-block-column is-layout-flow wp-block-column-is-layout-flow\">\n<figure class=\"wp-block-image size-large\"><img loading=\"lazy\" decoding=\"async\" width=\"272\" height=\"264\" src=\"https:\/\/l12.pk.edu.pl\/wp-content\/uploads\/2021\/03\/Obraz3-1.jpg\" alt=\"\" class=\"wp-image-283\"\/><\/figure>\n<\/div>\n\n\n\n<div class=\"wp-block-column is-layout-flow wp-block-column-is-layout-flow\">\n<ul class=\"wp-block-list\"><li>\u015brednica wn\u0119trza komory&nbsp; 300&nbsp;mm, wysoko\u015b\u0107 220&nbsp;mm<\/li><li>komora wyposa\u017cona w&nbsp; 9 port\u00f3w sprz\u0119towych<\/li><li>stolik&nbsp; wyposa\u017cony w uchwyt karuzelowy umo\u017cliwiaj\u0105cy monta\u017c 9 pr\u00f3bek z identyfikacj\u0105 ich po\u0142o\u017cenia<\/li><li>stolik o zakresie ruchu w osi: X-80 mm, Y-100&nbsp;mm, Z-35 mm, z rotacj\u0105 360<sup>o<\/sup> oraz przechy\u0142em w przedziale od 0<sup>o<\/sup> do 90<sup>o<\/sup><\/li><\/ul>\n<\/div>\n<\/div>\n","protected":false},"excerpt":{"rendered":"<p>Mikroskop skaningowy SEM EVO 10 MA Zeiss wraz z mikroanalizatorem EDS XFlash 6\/30 Bruker Detektory: SE&nbsp; obrazuj\u0105cy topografi\u0119, morfologi\u0119 i struktur\u0119 w trybie wysokiej pr\u00f3\u017cni BSD&nbsp; obrazuj\u0105cy r\u00f3\u017cnice fazowe oraz kontrast fazowy w trybie wysokiej i zmiennej pr\u00f3\u017cni VPSE&nbsp; obrazuj\u0105cy topografi\u0119, morfologi\u0119 i struktur\u0119 w trybie zmiennej pr\u00f3\u017cni EPSE&nbsp;&nbsp;&nbsp; obrazuj\u0105cy topografi\u0119, morfologi\u0119 i struktur\u0119 w &hellip; <\/p>\n<p class=\"link-more\"><a href=\"https:\/\/l12.pk.edu.pl\/?page_id=216\" class=\"more-link\">Czytaj dalej<span class=\"screen-reader-text\"> \u201eMikroskop skaningowy\u201d<\/span><\/a><\/p>\n","protected":false},"author":1,"featured_media":0,"parent":0,"menu_order":0,"comment_status":"closed","ping_status":"closed","template":"","meta":{"footnotes":""},"class_list":["post-216","page","type-page","status-publish","hentry"],"_links":{"self":[{"href":"https:\/\/l12.pk.edu.pl\/index.php?rest_route=\/wp\/v2\/pages\/216","targetHints":{"allow":["GET"]}}],"collection":[{"href":"https:\/\/l12.pk.edu.pl\/index.php?rest_route=\/wp\/v2\/pages"}],"about":[{"href":"https:\/\/l12.pk.edu.pl\/index.php?rest_route=\/wp\/v2\/types\/page"}],"author":[{"embeddable":true,"href":"https:\/\/l12.pk.edu.pl\/index.php?rest_route=\/wp\/v2\/users\/1"}],"replies":[{"embeddable":true,"href":"https:\/\/l12.pk.edu.pl\/index.php?rest_route=%2Fwp%2Fv2%2Fcomments&post=216"}],"version-history":[{"count":16,"href":"https:\/\/l12.pk.edu.pl\/index.php?rest_route=\/wp\/v2\/pages\/216\/revisions"}],"predecessor-version":[{"id":350,"href":"https:\/\/l12.pk.edu.pl\/index.php?rest_route=\/wp\/v2\/pages\/216\/revisions\/350"}],"wp:attachment":[{"href":"https:\/\/l12.pk.edu.pl\/index.php?rest_route=%2Fwp%2Fv2%2Fmedia&parent=216"}],"curies":[{"name":"wp","href":"https:\/\/api.w.org\/{rel}","templated":true}]}}