{"id":206,"date":"2021-03-13T21:55:34","date_gmt":"2021-03-13T20:55:34","guid":{"rendered":"https:\/\/l12.pk.edu.pl\/?page_id=206"},"modified":"2021-03-17T13:33:25","modified_gmt":"2021-03-17T12:33:25","slug":"maszyna-wytrzymalosciowa","status":"publish","type":"page","link":"https:\/\/l12.pk.edu.pl\/?page_id=206","title":{"rendered":"Maszyna 100kN"},"content":{"rendered":"\n<div class=\"wp-block-media-text alignwide is-stacked-on-mobile is-vertically-aligned-top\"><figure class=\"wp-block-media-text__media\"><img loading=\"lazy\" decoding=\"async\" width=\"528\" height=\"839\" src=\"https:\/\/l12.pk.edu.pl\/wp-content\/uploads\/2021\/03\/Obraz8.jpg\" alt=\"\" class=\"wp-image-148 size-full\"\/><\/figure><div class=\"wp-block-media-text__content\">\n<p><strong>Uniwersalna maszyna wytrzyma\u0142o\u015bciowa z nap\u0119dem elektromechanicznym&nbsp; o nominale 100 kN Zwick\/Roell Z100<\/strong><\/p>\n\n\n\n<p><strong>Przestrze\u0144 robocza: <\/strong><\/p>\n\n\n\n<ul class=\"wp-block-list\"><li>odleg\u0142o\u015b\u0107 mi\u0119dzy g\u0142owicami\u00a0 do 500 mm <\/li><li>odleg\u0142o\u015b\u0107 mi\u0119dzy kolumnami\u00a0 600 mm<\/li><\/ul>\n\n\n\n<p><strong>Podstawowe schematy badawcze:<\/strong> <\/p>\n\n\n\n<ul class=\"wp-block-list\"><li>rozci\u0105ganie <\/li><li>\u015bciskanie <\/li><li>zginanie<\/li><\/ul>\n\n\n\n<p><strong>Podstawowe parametry: <\/strong><\/p>\n\n\n\n<ul class=\"wp-block-list\"><li>rama obci\u0105\u017ceniowa do \u015bciskania\/rozci\u0105gania do 100 kN <\/li><li>uk\u0142ad nap\u0119dowy elektromechaniczny w zakresie sterowania 0,001\u00f7750 mm\/min<\/li><\/ul>\n\n\n\n<p><strong>Wyposa\u017cenie dodatkowe: <\/strong><\/p>\n\n\n\n<ul class=\"wp-block-list\"><li>ekstensometr precyzyjny o bazie&nbsp; pomiarowej 120 mm <\/li><li>ekstensometr&nbsp; Clipon <\/li><li>p\u0142yty do \u015bciskania o zakresie obci\u0105\u017cenia do 100 kN z systemem mocowania przegubowego i sztywnego <\/li><li>uk\u0142ad do 3 i 4\u2013punktowego zginania do 100 kN przy rozstawie podp\u00f3r do 500 mm<\/li><\/ul>\n<\/div><\/div>\n","protected":false},"excerpt":{"rendered":"<p>Uniwersalna maszyna wytrzyma\u0142o\u015bciowa z nap\u0119dem elektromechanicznym&nbsp; o nominale 100 kN Zwick\/Roell Z100 Przestrze\u0144 robocza: odleg\u0142o\u015b\u0107 mi\u0119dzy g\u0142owicami\u00a0 do 500 mm odleg\u0142o\u015b\u0107 mi\u0119dzy kolumnami\u00a0 600 mm Podstawowe schematy badawcze: rozci\u0105ganie \u015bciskanie zginanie Podstawowe parametry: rama obci\u0105\u017ceniowa do \u015bciskania\/rozci\u0105gania do 100 kN uk\u0142ad nap\u0119dowy elektromechaniczny w zakresie sterowania 0,001\u00f7750 mm\/min Wyposa\u017cenie dodatkowe: ekstensometr precyzyjny o bazie&nbsp; pomiarowej &hellip; <\/p>\n<p class=\"link-more\"><a href=\"https:\/\/l12.pk.edu.pl\/?page_id=206\" class=\"more-link\">Czytaj dalej<span class=\"screen-reader-text\"> \u201eMaszyna 100kN\u201d<\/span><\/a><\/p>\n","protected":false},"author":1,"featured_media":0,"parent":0,"menu_order":0,"comment_status":"closed","ping_status":"closed","template":"","meta":{"footnotes":""},"class_list":["post-206","page","type-page","status-publish","hentry"],"_links":{"self":[{"href":"https:\/\/l12.pk.edu.pl\/index.php?rest_route=\/wp\/v2\/pages\/206","targetHints":{"allow":["GET"]}}],"collection":[{"href":"https:\/\/l12.pk.edu.pl\/index.php?rest_route=\/wp\/v2\/pages"}],"about":[{"href":"https:\/\/l12.pk.edu.pl\/index.php?rest_route=\/wp\/v2\/types\/page"}],"author":[{"embeddable":true,"href":"https:\/\/l12.pk.edu.pl\/index.php?rest_route=\/wp\/v2\/users\/1"}],"replies":[{"embeddable":true,"href":"https:\/\/l12.pk.edu.pl\/index.php?rest_route=%2Fwp%2Fv2%2Fcomments&post=206"}],"version-history":[{"count":7,"href":"https:\/\/l12.pk.edu.pl\/index.php?rest_route=\/wp\/v2\/pages\/206\/revisions"}],"predecessor-version":[{"id":365,"href":"https:\/\/l12.pk.edu.pl\/index.php?rest_route=\/wp\/v2\/pages\/206\/revisions\/365"}],"wp:attachment":[{"href":"https:\/\/l12.pk.edu.pl\/index.php?rest_route=%2Fwp%2Fv2%2Fmedia&parent=206"}],"curies":[{"name":"wp","href":"https:\/\/api.w.org\/{rel}","templated":true}]}}