{"id":203,"date":"2021-03-13T21:49:18","date_gmt":"2021-03-13T20:49:18","guid":{"rendered":"https:\/\/l12.pk.edu.pl\/?page_id=203"},"modified":"2021-03-17T13:33:03","modified_gmt":"2021-03-17T12:33:03","slug":"maszyna-wytrzymalosciowa-6000kn","status":"publish","type":"page","link":"https:\/\/l12.pk.edu.pl\/?page_id=203","title":{"rendered":"Maszyna 6000kN"},"content":{"rendered":"\n<div class=\"wp-block-media-text alignwide is-stacked-on-mobile is-vertically-aligned-top\"><figure class=\"wp-block-media-text__media\"><img loading=\"lazy\" decoding=\"async\" width=\"615\" height=\"836\" src=\"https:\/\/l12.pk.edu.pl\/wp-content\/uploads\/2021\/03\/Obraz7.jpg\" alt=\"\" class=\"wp-image-147 size-full\"\/><\/figure><div class=\"wp-block-media-text__content\">\n<p><strong>Maszyna wytrzyma\u0142o\u015bciowa z nap\u0119dem hydraulicznym o nominale&nbsp; 6000 kN Zwick\/Roell Z6000<\/strong><\/p>\n\n\n\n<p><strong>Przestrze\u0144 robocza: <\/strong><\/p>\n\n\n\n<ul class=\"wp-block-list\"><li>odleg\u0142o\u015b\u0107 mi\u0119dzy g\u0142owicami\u00a0 min.\u00a0 640 mm <\/li><li>odleg\u0142o\u015b\u0107 mi\u0119dzy\u00a0\u00a0 kolumnami\u00a0\u00a0 450 mm <\/li><li>p\u0142yty dociskowe o wymiarach 380 x 520 mm <\/li><li>zestaw przek\u0142adek stalowych do zmniejszania przestrzeni badawczej<\/li><\/ul>\n\n\n\n<p><strong>Schemat badawczy: <\/strong><\/p>\n\n\n\n<ul class=\"wp-block-list\"><li>\u015bciskanie<\/li><\/ul>\n\n\n\n<p><strong>Podstawowe parametry: <\/strong><\/p>\n\n\n\n<ul class=\"wp-block-list\"><li>rama obci\u0105\u017ceniowa do \u015bciskania do 6000 kN o odkszta\u0142calno\u015bci nie wi\u0119kszej ni\u017c 1 mm przy maksymalnym obci\u0105\u017ceniu <\/li><li>uk\u0142ad nap\u0119dowy hydrauliczny w zakresie sterowania 0,001\u00f74 mm\/min <\/li><li>cyfrowe zar\u00f3wno przyrostem si\u0142y jak i drogi<\/li><\/ul>\n\n\n\n<p><strong>Wyposa\u017cenie dodatkowe: <\/strong><\/p>\n\n\n\n<ul class=\"wp-block-list\"><li>ekstensometr do pomiaru odkszta\u0142ce\u0144 pionowych i poziomych zapinany na ramce lub za pomoc\u0105 magnes\u00f3w <\/li><li>ekstensometr do pomiaru odkszta\u0142ce\u0144 obwodowych<\/li><\/ul>\n\n\n\n<p><\/p>\n<\/div><\/div>\n","protected":false},"excerpt":{"rendered":"<p>Maszyna wytrzyma\u0142o\u015bciowa z nap\u0119dem hydraulicznym o nominale&nbsp; 6000 kN Zwick\/Roell Z6000 Przestrze\u0144 robocza: odleg\u0142o\u015b\u0107 mi\u0119dzy g\u0142owicami\u00a0 min.\u00a0 640 mm odleg\u0142o\u015b\u0107 mi\u0119dzy\u00a0\u00a0 kolumnami\u00a0\u00a0 450 mm p\u0142yty dociskowe o wymiarach 380 x 520 mm zestaw przek\u0142adek stalowych do zmniejszania przestrzeni badawczej Schemat badawczy: \u015bciskanie Podstawowe parametry: rama obci\u0105\u017ceniowa do \u015bciskania do 6000 kN o odkszta\u0142calno\u015bci nie wi\u0119kszej &hellip; <\/p>\n<p class=\"link-more\"><a href=\"https:\/\/l12.pk.edu.pl\/?page_id=203\" class=\"more-link\">Czytaj dalej<span class=\"screen-reader-text\"> \u201eMaszyna 6000kN\u201d<\/span><\/a><\/p>\n","protected":false},"author":1,"featured_media":0,"parent":0,"menu_order":0,"comment_status":"closed","ping_status":"closed","template":"","meta":{"footnotes":""},"class_list":["post-203","page","type-page","status-publish","hentry"],"_links":{"self":[{"href":"https:\/\/l12.pk.edu.pl\/index.php?rest_route=\/wp\/v2\/pages\/203","targetHints":{"allow":["GET"]}}],"collection":[{"href":"https:\/\/l12.pk.edu.pl\/index.php?rest_route=\/wp\/v2\/pages"}],"about":[{"href":"https:\/\/l12.pk.edu.pl\/index.php?rest_route=\/wp\/v2\/types\/page"}],"author":[{"embeddable":true,"href":"https:\/\/l12.pk.edu.pl\/index.php?rest_route=\/wp\/v2\/users\/1"}],"replies":[{"embeddable":true,"href":"https:\/\/l12.pk.edu.pl\/index.php?rest_route=%2Fwp%2Fv2%2Fcomments&post=203"}],"version-history":[{"count":5,"href":"https:\/\/l12.pk.edu.pl\/index.php?rest_route=\/wp\/v2\/pages\/203\/revisions"}],"predecessor-version":[{"id":364,"href":"https:\/\/l12.pk.edu.pl\/index.php?rest_route=\/wp\/v2\/pages\/203\/revisions\/364"}],"wp:attachment":[{"href":"https:\/\/l12.pk.edu.pl\/index.php?rest_route=%2Fwp%2Fv2%2Fmedia&parent=203"}],"curies":[{"name":"wp","href":"https:\/\/api.w.org\/{rel}","templated":true}]}}