{"id":198,"date":"2021-03-13T21:32:02","date_gmt":"2021-03-13T20:32:02","guid":{"rendered":"https:\/\/l12.pk.edu.pl\/?page_id=198"},"modified":"2021-03-17T13:32:32","modified_gmt":"2021-03-17T12:32:32","slug":"maszyna-wytrzymalosciowa-1200kn","status":"publish","type":"page","link":"https:\/\/l12.pk.edu.pl\/?page_id=198","title":{"rendered":"Maszyna 1200kN"},"content":{"rendered":"\n<div class=\"wp-block-media-text alignwide is-stacked-on-mobile is-vertically-aligned-top\" style=\"grid-template-columns:44% auto\"><figure class=\"wp-block-media-text__media\"><img loading=\"lazy\" decoding=\"async\" width=\"619\" height=\"848\" src=\"https:\/\/l12.pk.edu.pl\/wp-content\/uploads\/2021\/03\/Obraz6.jpg\" alt=\"\" class=\"wp-image-146 size-full\"\/><\/figure><div class=\"wp-block-media-text__content\">\n<p><strong>Uniwersalna maszyna wytrzyma\u0142o\u015bciowa z nap\u0119dem elektromechanicznym&nbsp; o nominale 1200kN Zwick\/Roell Z1200<\/strong><\/p>\n\n\n\n<p><strong>Przestrze\u0144 robocza:<\/strong><\/p>\n\n\n\n<ul class=\"wp-block-list\"><li>odleg\u0142o\u015b\u0107 mi\u0119dzy g\u0142owicami\u00a0 do\u00a0 2200 mm <\/li><li>odleg\u0142o\u015b\u0107 mi\u0119dzy\u00a0 kolumnami\u00a0\u00a0 1050 mm<\/li><\/ul>\n\n\n\n<p><strong>Podstawowe schematy badawcze:<\/strong><\/p>\n\n\n\n<ul class=\"wp-block-list\"><li>rozci\u0105ganie <\/li><li>\u015bciskanie <\/li><li>zginanie<\/li><\/ul>\n\n\n\n<p><strong>Podstawowe parametry:<\/strong><\/p>\n\n\n\n<ul class=\"wp-block-list\"><li>rama obci\u0105\u017ceniowa do \u015bciskania\/rozci\u0105gania <\/li><li>uk\u0142ad nap\u0119dowy elektromechaniczny w zakresie sterowania 0,001\u00f7300 mm\/min<\/li><\/ul>\n\n\n\n<p><strong>Wyposa\u017cenie dodatkowe:<\/strong><\/p>\n\n\n\n<ul class=\"wp-block-list\"><li>ekstensometr d\u0142ugodrogowy o bazie pomiarowej\u00a0 700 mm <\/li><li>czujnik pomiaru ugi\u0119cia przy pr\u00f3bie zginania <\/li><li>p\u0142yty dociskowe do \u015bciskania 300 x 300 mm z systemem mocowania przegubowego i sztywnego <\/li><li>uk\u0142ad do 3 i 4 \u2013punktowego zginania do 250 kN o rozstawie podp\u00f3r\u00a0 600 mm <\/li><li>uk\u0142ad do badania zginania z odginaniem pr\u0119t\u00f3w zbrojeniowych<\/li><\/ul>\n<\/div><\/div>\n","protected":false},"excerpt":{"rendered":"<p>Uniwersalna maszyna wytrzyma\u0142o\u015bciowa z nap\u0119dem elektromechanicznym&nbsp; o nominale 1200kN Zwick\/Roell Z1200 Przestrze\u0144 robocza: odleg\u0142o\u015b\u0107 mi\u0119dzy g\u0142owicami\u00a0 do\u00a0 2200 mm odleg\u0142o\u015b\u0107 mi\u0119dzy\u00a0 kolumnami\u00a0\u00a0 1050 mm Podstawowe schematy badawcze: rozci\u0105ganie \u015bciskanie zginanie Podstawowe parametry: rama obci\u0105\u017ceniowa do \u015bciskania\/rozci\u0105gania uk\u0142ad nap\u0119dowy elektromechaniczny w zakresie sterowania 0,001\u00f7300 mm\/min Wyposa\u017cenie dodatkowe: ekstensometr d\u0142ugodrogowy o bazie pomiarowej\u00a0 700 mm czujnik pomiaru &hellip; <\/p>\n<p class=\"link-more\"><a href=\"https:\/\/l12.pk.edu.pl\/?page_id=198\" class=\"more-link\">Czytaj dalej<span class=\"screen-reader-text\"> \u201eMaszyna 1200kN\u201d<\/span><\/a><\/p>\n","protected":false},"author":1,"featured_media":0,"parent":0,"menu_order":0,"comment_status":"closed","ping_status":"closed","template":"","meta":{"footnotes":""},"class_list":["post-198","page","type-page","status-publish","hentry"],"_links":{"self":[{"href":"https:\/\/l12.pk.edu.pl\/index.php?rest_route=\/wp\/v2\/pages\/198","targetHints":{"allow":["GET"]}}],"collection":[{"href":"https:\/\/l12.pk.edu.pl\/index.php?rest_route=\/wp\/v2\/pages"}],"about":[{"href":"https:\/\/l12.pk.edu.pl\/index.php?rest_route=\/wp\/v2\/types\/page"}],"author":[{"embeddable":true,"href":"https:\/\/l12.pk.edu.pl\/index.php?rest_route=\/wp\/v2\/users\/1"}],"replies":[{"embeddable":true,"href":"https:\/\/l12.pk.edu.pl\/index.php?rest_route=%2Fwp%2Fv2%2Fcomments&post=198"}],"version-history":[{"count":6,"href":"https:\/\/l12.pk.edu.pl\/index.php?rest_route=\/wp\/v2\/pages\/198\/revisions"}],"predecessor-version":[{"id":363,"href":"https:\/\/l12.pk.edu.pl\/index.php?rest_route=\/wp\/v2\/pages\/198\/revisions\/363"}],"wp:attachment":[{"href":"https:\/\/l12.pk.edu.pl\/index.php?rest_route=%2Fwp%2Fv2%2Fmedia&parent=198"}],"curies":[{"name":"wp","href":"https:\/\/api.w.org\/{rel}","templated":true}]}}