{"id":193,"date":"2021-03-13T21:08:41","date_gmt":"2021-03-13T20:08:41","guid":{"rendered":"https:\/\/l12.pk.edu.pl\/?page_id=193"},"modified":"2021-03-17T13:19:07","modified_gmt":"2021-03-17T12:19:07","slug":"system-pomiarowy","status":"publish","type":"page","link":"https:\/\/l12.pk.edu.pl\/?page_id=193","title":{"rendered":"System pomiarowy"},"content":{"rendered":"\n<div class=\"wp-block-media-text alignwide is-stacked-on-mobile is-vertically-aligned-top\"><figure class=\"wp-block-media-text__media\"><img loading=\"lazy\" decoding=\"async\" width=\"599\" height=\"558\" src=\"https:\/\/l12.pk.edu.pl\/wp-content\/uploads\/2021\/03\/Obraz4.jpg\" alt=\"\" class=\"wp-image-144 size-full\"\/><\/figure><div class=\"wp-block-media-text__content\">\n<p class=\"has-text-align-left has-normal-font-size\"><strong>Modu\u0142owy system pomiarowy&nbsp; na bazie wzmacniaczy Quantum HBM<\/strong><\/p>\n\n\n\n<p><strong>Podstawowe parametry:<\/strong><\/p>\n\n\n\n<ul class=\"wp-block-list\"><li>48 kana\u0142\u00f3w&nbsp; pomiarowych dla przetwornik\u00f3w drogi,&nbsp; si\u0142y, termopar <\/li><li>48 kana\u0142\u00f3w&nbsp; pomiarowych dla tensomtr\u00f3w <\/li><li>zapis i obr\u00f3bka pomierzonych warto\u015bci za pomoc\u0105 programu HBM Catman <\/li><li>rejestracja cyfrowa zar\u00f3wno przyrostu si\u0142y jak i drogi z zapisem do format\u00f3w np. exel, ASCI itp.<\/li><\/ul>\n<\/div><\/div>\n\n\n\n<div class=\"wp-block-media-text alignwide is-stacked-on-mobile\"><figure class=\"wp-block-media-text__media\"><img loading=\"lazy\" decoding=\"async\" width=\"575\" height=\"197\" src=\"https:\/\/l12.pk.edu.pl\/wp-content\/uploads\/2021\/03\/Obraz5.jpg\" alt=\"\" class=\"wp-image-145 size-full\"\/><\/figure><div class=\"wp-block-media-text__content\">\n<p><strong>Wyposa\u017cenie dodatkowe, czujniki drogi:<\/strong><\/p>\n\n\n\n<ul class=\"wp-block-list\"><li>WA 300    4 szt. <\/li><li>WA   50    16 szt. <\/li><li>WA   20    16 szt. <\/li><li>WA      2    4 szt.<\/li><\/ul>\n<\/div><\/div>\n","protected":false},"excerpt":{"rendered":"<p>Modu\u0142owy system pomiarowy&nbsp; na bazie wzmacniaczy Quantum HBM Podstawowe parametry: 48 kana\u0142\u00f3w&nbsp; pomiarowych dla przetwornik\u00f3w drogi,&nbsp; si\u0142y, termopar 48 kana\u0142\u00f3w&nbsp; pomiarowych dla tensomtr\u00f3w zapis i obr\u00f3bka pomierzonych warto\u015bci za pomoc\u0105 programu HBM Catman rejestracja cyfrowa zar\u00f3wno przyrostu si\u0142y jak i drogi z zapisem do format\u00f3w np. exel, ASCI itp. Wyposa\u017cenie dodatkowe, czujniki drogi: WA 300 &hellip; <\/p>\n<p class=\"link-more\"><a href=\"https:\/\/l12.pk.edu.pl\/?page_id=193\" class=\"more-link\">Czytaj dalej<span class=\"screen-reader-text\"> \u201eSystem pomiarowy\u201d<\/span><\/a><\/p>\n","protected":false},"author":1,"featured_media":0,"parent":0,"menu_order":0,"comment_status":"closed","ping_status":"closed","template":"","meta":{"footnotes":""},"class_list":["post-193","page","type-page","status-publish","hentry"],"_links":{"self":[{"href":"https:\/\/l12.pk.edu.pl\/index.php?rest_route=\/wp\/v2\/pages\/193","targetHints":{"allow":["GET"]}}],"collection":[{"href":"https:\/\/l12.pk.edu.pl\/index.php?rest_route=\/wp\/v2\/pages"}],"about":[{"href":"https:\/\/l12.pk.edu.pl\/index.php?rest_route=\/wp\/v2\/types\/page"}],"author":[{"embeddable":true,"href":"https:\/\/l12.pk.edu.pl\/index.php?rest_route=\/wp\/v2\/users\/1"}],"replies":[{"embeddable":true,"href":"https:\/\/l12.pk.edu.pl\/index.php?rest_route=%2Fwp%2Fv2%2Fcomments&post=193"}],"version-history":[{"count":4,"href":"https:\/\/l12.pk.edu.pl\/index.php?rest_route=\/wp\/v2\/pages\/193\/revisions"}],"predecessor-version":[{"id":352,"href":"https:\/\/l12.pk.edu.pl\/index.php?rest_route=\/wp\/v2\/pages\/193\/revisions\/352"}],"wp:attachment":[{"href":"https:\/\/l12.pk.edu.pl\/index.php?rest_route=%2Fwp%2Fv2%2Fmedia&parent=193"}],"curies":[{"name":"wp","href":"https:\/\/api.w.org\/{rel}","templated":true}]}}