{"id":177,"date":"2021-03-13T19:53:13","date_gmt":"2021-03-13T18:53:13","guid":{"rendered":"https:\/\/l12.pk.edu.pl\/?page_id=177"},"modified":"2021-03-17T20:52:13","modified_gmt":"2021-03-17T19:52:13","slug":"system-badawczy","status":"publish","type":"page","link":"https:\/\/l12.pk.edu.pl\/?page_id=177","title":{"rendered":"System badawczy"},"content":{"rendered":"\n<div class=\"wp-block-media-text alignwide is-stacked-on-mobile is-vertically-aligned-top\" style=\"grid-template-columns:45% auto\"><figure class=\"wp-block-media-text__media\"><img loading=\"lazy\" decoding=\"async\" width=\"509\" height=\"658\" src=\"https:\/\/l12.pk.edu.pl\/wp-content\/uploads\/2021\/03\/Obraz1.jpg\" alt=\"\" class=\"wp-image-137 size-full\"\/><\/figure><div class=\"wp-block-media-text__content\">\n<p class=\"has-text-align-left has-normal-font-size\"><strong>Statyczno-dynamiczny system badawczy z nap\u0119dem hydraulicznym o nomina\u0142ach 100 kN, 400 kN, 1000 kN Schenck-Instron<\/strong><\/p>\n\n\n\n<p><strong>Przestrze\u0144 robocza:<\/strong> <\/p>\n\n\n\n<ul class=\"wp-block-list\"><li>rozpi\u0119to\u015b\u0107 podp\u00f3r do 12 m<\/li><li>wysoko\u015b\u0107 element\u00f3w do bada\u0144 do 2,5 m<\/li><li>szeroko\u015b\u0107 element\u00f3w do bada\u0144 do 2,8 m <\/li><\/ul>\n\n\n\n<p><strong>Podstawowe schematy badawcze:<\/strong><\/p>\n\n\n\n<ul class=\"wp-block-list\"><li>zginanie <\/li><li>\u015bciskanie <\/li><li>rozci\u0105ganie&nbsp;<\/li><\/ul>\n\n\n\n<p><strong>Podstawowe parametry:<\/strong><\/p>\n\n\n\n<ul class=\"wp-block-list\"><li>dwie ramy obci\u0105\u017ceniowe do 25000 kN ka\u017cda <\/li><li>uk\u0142ad nap\u0119dowy hydrauliczny o wydajno\u015bci 170 l\/min przy ci\u015bnieniu 230 bar<\/li><\/ul>\n<\/div><\/div>\n\n\n\n<figure class=\"wp-block-gallery columns-2 is-cropped wp-block-gallery-1 is-layout-flex wp-block-gallery-is-layout-flex\"><ul class=\"blocks-gallery-grid\"><li class=\"blocks-gallery-item\"><figure><img loading=\"lazy\" decoding=\"async\" width=\"360\" height=\"210\" src=\"https:\/\/l12.pk.edu.pl\/wp-content\/uploads\/2021\/03\/foto2.jpg\" alt=\"\" data-id=\"310\" data-full-url=\"https:\/\/l12.pk.edu.pl\/wp-content\/uploads\/2021\/03\/foto2.jpg\" data-link=\"https:\/\/l12.pk.edu.pl\/?attachment_id=310\" class=\"wp-image-310\"\/><\/figure><\/li><li class=\"blocks-gallery-item\"><figure><img loading=\"lazy\" decoding=\"async\" width=\"360\" height=\"210\" src=\"https:\/\/l12.pk.edu.pl\/wp-content\/uploads\/2021\/03\/foto1.jpg\" alt=\"\" data-id=\"309\" data-full-url=\"https:\/\/l12.pk.edu.pl\/wp-content\/uploads\/2021\/03\/foto1.jpg\" data-link=\"https:\/\/l12.pk.edu.pl\/?attachment_id=309\" class=\"wp-image-309\"\/><\/figure><\/li><\/ul><\/figure>\n","protected":false},"excerpt":{"rendered":"<p>Statyczno-dynamiczny system badawczy z nap\u0119dem hydraulicznym o nomina\u0142ach 100 kN, 400 kN, 1000 kN Schenck-Instron Przestrze\u0144 robocza: rozpi\u0119to\u015b\u0107 podp\u00f3r do 12 m wysoko\u015b\u0107 element\u00f3w do bada\u0144 do 2,5 m szeroko\u015b\u0107 element\u00f3w do bada\u0144 do 2,8 m Podstawowe schematy badawcze: zginanie \u015bciskanie rozci\u0105ganie&nbsp; Podstawowe parametry: dwie ramy obci\u0105\u017ceniowe do 25000 kN ka\u017cda uk\u0142ad nap\u0119dowy hydrauliczny o &hellip; <\/p>\n<p class=\"link-more\"><a href=\"https:\/\/l12.pk.edu.pl\/?page_id=177\" class=\"more-link\">Czytaj dalej<span class=\"screen-reader-text\"> \u201eSystem badawczy\u201d<\/span><\/a><\/p>\n","protected":false},"author":1,"featured_media":0,"parent":0,"menu_order":0,"comment_status":"closed","ping_status":"closed","template":"","meta":{"footnotes":""},"class_list":["post-177","page","type-page","status-publish","hentry"],"_links":{"self":[{"href":"https:\/\/l12.pk.edu.pl\/index.php?rest_route=\/wp\/v2\/pages\/177","targetHints":{"allow":["GET"]}}],"collection":[{"href":"https:\/\/l12.pk.edu.pl\/index.php?rest_route=\/wp\/v2\/pages"}],"about":[{"href":"https:\/\/l12.pk.edu.pl\/index.php?rest_route=\/wp\/v2\/types\/page"}],"author":[{"embeddable":true,"href":"https:\/\/l12.pk.edu.pl\/index.php?rest_route=\/wp\/v2\/users\/1"}],"replies":[{"embeddable":true,"href":"https:\/\/l12.pk.edu.pl\/index.php?rest_route=%2Fwp%2Fv2%2Fcomments&post=177"}],"version-history":[{"count":24,"href":"https:\/\/l12.pk.edu.pl\/index.php?rest_route=\/wp\/v2\/pages\/177\/revisions"}],"predecessor-version":[{"id":376,"href":"https:\/\/l12.pk.edu.pl\/index.php?rest_route=\/wp\/v2\/pages\/177\/revisions\/376"}],"wp:attachment":[{"href":"https:\/\/l12.pk.edu.pl\/index.php?rest_route=%2Fwp%2Fv2%2Fmedia&parent=177"}],"curies":[{"name":"wp","href":"https:\/\/api.w.org\/{rel}","templated":true}]}}